{"id":7,"date":"2020-11-26T11:42:51","date_gmt":"2020-11-26T14:42:51","guid":{"rendered":"http:\/\/ww3.sapucaia.ifsul.edu.br\/literaturaacessivel\/?page_id=7"},"modified":"2025-09-18T18:00:29","modified_gmt":"2025-09-18T21:00:29","slug":"o-que-e-leitura-facil","status":"publish","type":"page","link":"http:\/\/ww3.sapucaia.ifsul.edu.br\/literaturaacessivel\/o-que-e-leitura-facil\/","title":{"rendered":"O que \u00e9 Leitura F\u00e1cil?"},"content":{"rendered":"\n<div class=\"wp-block-columns has-ast-global-color-5-background-color has-background is-layout-flex wp-container-core-columns-is-layout-28f84493 wp-block-columns-is-layout-flex\">\n<div class=\"wp-block-column is-layout-flow wp-block-column-is-layout-flow\">\n<h1 class=\"wp-block-heading\" style=\"font-size:30px\">O que \u00e9 Leitura F\u00e1cil?<\/h1>\n<\/div>\n<\/div>\n\n\n\n<div style=\"height:10px\" aria-hidden=\"true\" class=\"wp-block-spacer\"><\/div>\n\n\n\n<div class=\"inherit-container-width wp-block-group has-ast-global-color-5-background-color has-background is-layout-constrained wp-block-group-is-layout-constrained\" style=\"font-size:20px;line-height:1.8\">\n<p class=\"has-text-color\" style=\"color:#4b535e;font-size:20px;line-height:1.8\">A Leitura F\u00e1cil \u00e9 um modo de escrita que facilita a compreens\u00e3o<br>e contribuiu para que as pessoas tenham mais oportunidades,<br>pois compreende que a linguagem \u00e9 um dos campos de luta pela inclus\u00e3o.<\/p>\n\n\n\n<p class=\"has-text-color\" style=\"color:#4b535e;font-size:20px;line-height:1.8\">A Leitura F\u00e1cil pode ser utilizada para adapta\u00e7\u00e3o de textos informativos,<br>expositivos e liter\u00e1rios (especialmente a prosa).<br>Leitura F\u00e1cil \u00e9 diferente da Linguagem Simples.<br>A Linguagem Simples se destina apenas a adaptar textos informativos<br>ou expositivos.<br>A t\u00e9cnica da Leitura F\u00e1cil surgiu em 1968, na Su\u00e9cia, e \u00e9 considerada<br>mais profissional que outras existentes.<br>\u00c9 amplamente difundida na Europa e \u00e9 destinada \u00e0s pessoas com dificuldade<br>de compreens\u00e3o leitora.<br>Muitas pessoas podem se beneficiar com a Leitura F\u00e1cil, como:<\/p>\n\n\n\n<ul class=\"wp-block-list\">\n<li style=\"font-size:20px\">Pessoas com defici\u00eancia intelectual<\/li>\n\n\n\n<li style=\"font-size:20px\">Pessoas surdas<\/li>\n\n\n\n<li style=\"font-size:20px\">Pessoas no Espectro Autista<\/li>\n\n\n\n<li style=\"font-size:20px\">Disl\u00e9xicos<\/li>\n\n\n\n<li style=\"font-size:20px\">Af\u00e1sicos<\/li>\n\n\n\n<li style=\"font-size:20px\">Pessoas com Transtorno do D\u00e9ficit de Aten\u00e7\u00e3o e Hiperatividade<\/li>\n\n\n\n<li style=\"font-size:20px\">Estrangeiros<\/li>\n\n\n\n<li style=\"font-size:20px\">Idosos<\/li>\n\n\n\n<li style=\"font-size:20px\">Pessoas em fase de alfabetiza\u00e7\u00e3o.<\/li>\n<\/ul>\n\n\n\n<p class=\"has-text-color\" style=\"color:#4b535e;font-size:20px;line-height:1.8\">A Leitura F\u00e1cil possui um conjunto de diretrizes que se preocupam<br>com a adapta\u00e7\u00e3o do texto, das imagens e a diagrama\u00e7\u00e3o do texto.<\/p>\n<\/div>\n\n\n\n<div style=\"height:69px\" aria-hidden=\"true\" class=\"wp-block-spacer\"><\/div>\n","protected":false},"excerpt":{"rendered":"<p>O que \u00e9 Leitura F\u00e1cil? A Leitura F\u00e1cil \u00e9 um modo de escrita que facilita a compreens\u00e3oe contribuiu para que as pessoas tenham mais oportunidades,pois compreende que a linguagem \u00e9 um dos campos de luta pela inclus\u00e3o. A Leitura F\u00e1cil pode ser utilizada para adapta\u00e7\u00e3o de textos informativos,expositivos e liter\u00e1rios (especialmente a prosa).Leitura F\u00e1cil \u00e9 &hellip;<\/p>\n<p class=\"read-more\"> <a class=\"\" href=\"http:\/\/ww3.sapucaia.ifsul.edu.br\/literaturaacessivel\/o-que-e-leitura-facil\/\"> <span class=\"screen-reader-text\">O que \u00e9 Leitura F\u00e1cil?<\/span> Read More &raquo;<\/a><\/p>\n","protected":false},"author":4,"featured_media":0,"parent":0,"menu_order":1,"comment_status":"closed","ping_status":"closed","template":"","meta":{"site-sidebar-layout":"default","site-content-layout":"","ast-site-content-layout":"","site-content-style":"default","site-sidebar-style":"default","ast-global-header-display":"","ast-banner-title-visibility":"","ast-main-header-display":"","ast-hfb-above-header-display":"","ast-hfb-below-header-display":"","ast-hfb-mobile-header-display":"","site-post-title":"","ast-breadcrumbs-content":"","ast-featured-img":"","footer-sml-layout":"","theme-transparent-header-meta":"","adv-header-id-meta":"","stick-header-meta":"","header-above-stick-meta":"","header-main-stick-meta":"","header-below-stick-meta":"","astra-migrate-meta-layouts":"","footnotes":""},"class_list":["post-7","page","type-page","status-publish","hentry"],"_links":{"self":[{"href":"http:\/\/ww3.sapucaia.ifsul.edu.br\/literaturaacessivel\/wp-json\/wp\/v2\/pages\/7","targetHints":{"allow":["GET"]}}],"collection":[{"href":"http:\/\/ww3.sapucaia.ifsul.edu.br\/literaturaacessivel\/wp-json\/wp\/v2\/pages"}],"about":[{"href":"http:\/\/ww3.sapucaia.ifsul.edu.br\/literaturaacessivel\/wp-json\/wp\/v2\/types\/page"}],"author":[{"embeddable":true,"href":"http:\/\/ww3.sapucaia.ifsul.edu.br\/literaturaacessivel\/wp-json\/wp\/v2\/users\/4"}],"replies":[{"embeddable":true,"href":"http:\/\/ww3.sapucaia.ifsul.edu.br\/literaturaacessivel\/wp-json\/wp\/v2\/comments?post=7"}],"version-history":[{"count":12,"href":"http:\/\/ww3.sapucaia.ifsul.edu.br\/literaturaacessivel\/wp-json\/wp\/v2\/pages\/7\/revisions"}],"predecessor-version":[{"id":612,"href":"http:\/\/ww3.sapucaia.ifsul.edu.br\/literaturaacessivel\/wp-json\/wp\/v2\/pages\/7\/revisions\/612"}],"wp:attachment":[{"href":"http:\/\/ww3.sapucaia.ifsul.edu.br\/literaturaacessivel\/wp-json\/wp\/v2\/media?parent=7"}],"curies":[{"name":"wp","href":"https:\/\/api.w.org\/{rel}","templated":true}]}}