{"id":43,"date":"2020-11-26T16:40:27","date_gmt":"2020-11-26T19:40:27","guid":{"rendered":"http:\/\/ww3.sapucaia.ifsul.edu.br\/literaturaacessivel\/?page_id=43"},"modified":"2025-09-18T15:00:22","modified_gmt":"2025-09-18T18:00:22","slug":"materiais","status":"publish","type":"page","link":"http:\/\/ww3.sapucaia.ifsul.edu.br\/literaturaacessivel\/materiais\/","title":{"rendered":"Materiais"},"content":{"rendered":"\n<div class=\"wp-block-columns has-ast-global-color-5-background-color has-background is-layout-flex wp-container-core-columns-is-layout-28f84493 wp-block-columns-is-layout-flex\">\n<div class=\"wp-block-column is-layout-flow wp-block-column-is-layout-flow\">\n<h2 class=\"wp-block-heading\" style=\"font-size:30px\">Materiais<\/h2>\n<\/div>\n<\/div>\n\n\n\n<div style=\"height:10px\" aria-hidden=\"true\" class=\"wp-block-spacer\"><\/div>\n\n\n\n<div class=\"wp-block-columns has-ast-global-color-5-background-color has-background is-layout-flex wp-container-core-columns-is-layout-28f84493 wp-block-columns-is-layout-flex\">\n<div class=\"wp-block-column is-layout-flow wp-block-column-is-layout-flow\">\n<p class=\"has-medium-font-size\"><strong>Audiolivro <\/strong>&#8220;<a href=\"http:\/\/ww3.sapucaia.ifsul.edu.br\/literaturaacessivel\/wp-content\/uploads\/sites\/4\/2021\/03\/audiolivro1.mp3\" target=\"_blank\" rel=\"noreferrer noopener\">Missa do Galo<\/a>&#8221; <\/p>\n\n\n\n<div style=\"height:20px\" aria-hidden=\"true\" class=\"wp-block-spacer\"><\/div>\n\n\n\n<p class=\"has-medium-font-size\"><strong><a rel=\"noreferrer noopener\" href=\"http:\/\/ww3.sapucaia.ifsul.edu.br\/literaturaacessivel\/wp-content\/uploads\/sites\/4\/2023\/08\/O-travesseiro-de-penas-_Leitura-Facil.docx.pdf\" target=\"_blank\">O travesseiro de penas<\/a><\/strong><br>Adapta\u00e7\u00e3o em espanhol: Lengua Franca<br>Tradu\u00e7\u00e3o para o portugu\u00eas: Literatura Acess\u00edvel<\/p>\n\n\n\n<div style=\"height:20px\" aria-hidden=\"true\" class=\"wp-block-spacer\"><\/div>\n\n\n\n<p class=\"has-medium-font-size\"><strong><strong><a rel=\"noreferrer noopener\" href=\"http:\/\/ww3.sapucaia.ifsul.edu.br\/literaturaacessivel\/wp-content\/uploads\/sites\/4\/2023\/08\/linguagem_adaptado.pdf\" target=\"_blank\">Linguagem<\/a><\/strong><\/strong> &#8211; Material did\u00e1tico adaptado<\/p>\n\n\n\n<div style=\"height:20px\" aria-hidden=\"true\" class=\"wp-block-spacer\"><\/div>\n\n\n\n<p class=\"has-medium-font-size\"><strong><strong><a rel=\"noreferrer noopener\" href=\"http:\/\/ww3.sapucaia.ifsul.edu.br\/literaturaacessivel\/wp-content\/uploads\/sites\/4\/2023\/08\/Guia_simplificado_edital_proeja_2023.pdf\" target=\"_blank\">Guia simplificado<\/a><\/strong><\/strong> &#8211; Edital Proeja IFSUL 2023\/1<\/p>\n\n\n\n<div style=\"height:13px\" aria-hidden=\"true\" class=\"wp-block-spacer\"><\/div>\n\n\n\n<hr class=\"wp-block-separator has-alpha-channel-opacity\" \/>\n\n\n\n<div class=\"wp-block-columns is-layout-flex wp-container-core-columns-is-layout-28f84493 wp-block-columns-is-layout-flex\">\n<div class=\"wp-block-column is-layout-flow wp-block-column-is-layout-flow\">\n<p style=\"font-size:25px\"><strong> Fun\u00e7\u00f5es<\/strong> <\/p>\n\n\n\n<p class=\"has-medium-font-size\"><a rel=\"noreferrer noopener\" href=\"http:\/\/ww3.sapucaia.ifsul.edu.br\/literaturaacessivel\/wp-content\/uploads\/sites\/4\/2023\/08\/Atividade_para_introducao_funcoes_adaptada.pdf\" target=\"_blank\">Atividade adaptada de introdu\u00e7\u00e3o ao estudo das fun\u00e7\u00f5es<\/a><\/p>\n\n\n\n<p class=\"has-medium-font-size\"><a rel=\"noreferrer noopener\" href=\"http:\/\/ww3.sapucaia.ifsul.edu.br\/literaturaacessivel\/wp-content\/uploads\/sites\/4\/2023\/08\/atividade_funcao_exponencial_Adaptada.pdf\" target=\"_blank\">Atividade de fun\u00e7\u00e3o exponencial adaptada<\/a><\/p>\n\n\n\n<p class=\"has-medium-font-size\"> <a rel=\"noreferrer noopener\" href=\"http:\/\/ww3.sapucaia.ifsul.edu.br\/literaturaacessivel\/wp-content\/uploads\/sites\/4\/2023\/08\/ATIVIDADES_ADAPTADAS_FUNCOES_DEPRECIACAO.pdf\" target=\"_blank\">Atividades de fun\u00e7\u00f5es deprecia\u00e7\u00e3o adaptada<\/a><\/p>\n\n\n\n<p class=\"has-medium-font-size\"><a rel=\"noreferrer noopener\" href=\"http:\/\/ww3.sapucaia.ifsul.edu.br\/literaturaacessivel\/wp-content\/uploads\/sites\/4\/2023\/08\/ATIVIDADES_FUNCOES_ADAPTADAS_VALOR_MAXIMO-.pdf\" target=\"_blank\">Atividades de fun\u00e7\u00f5es valor m\u00e1ximo adaptada<\/a><\/p>\n<\/div>\n<\/div>\n\n\n\n<div style=\"height:30px\" aria-hidden=\"true\" class=\"wp-block-spacer\"><\/div>\n<\/div>\n<\/div>\n\n\n\n<div style=\"height:52px\" aria-hidden=\"true\" class=\"wp-block-spacer\"><\/div>\n","protected":false},"excerpt":{"rendered":"<p>Materiais Audiolivro &#8220;Missa do Galo&#8221; O travesseiro de penasAdapta\u00e7\u00e3o em espanhol: Lengua FrancaTradu\u00e7\u00e3o para o portugu\u00eas: Literatura Acess\u00edvel Linguagem &#8211; Material did\u00e1tico adaptado Guia simplificado &#8211; Edital Proeja IFSUL 2023\/1 Fun\u00e7\u00f5es Atividade adaptada de introdu\u00e7\u00e3o ao estudo das fun\u00e7\u00f5es Atividade de fun\u00e7\u00e3o exponencial adaptada Atividades de fun\u00e7\u00f5es deprecia\u00e7\u00e3o adaptada Atividades de fun\u00e7\u00f5es valor m\u00e1ximo adaptada<\/p>\n","protected":false},"author":4,"featured_media":0,"parent":0,"menu_order":5,"comment_status":"closed","ping_status":"closed","template":"","meta":{"site-sidebar-layout":"default","site-content-layout":"","ast-site-content-layout":"","site-content-style":"default","site-sidebar-style":"default","ast-global-header-display":"","ast-banner-title-visibility":"","ast-main-header-display":"","ast-hfb-above-header-display":"","ast-hfb-below-header-display":"","ast-hfb-mobile-header-display":"","site-post-title":"","ast-breadcrumbs-content":"","ast-featured-img":"","footer-sml-layout":"","theme-transparent-header-meta":"","adv-header-id-meta":"","stick-header-meta":"","header-above-stick-meta":"","header-main-stick-meta":"","header-below-stick-meta":"","astra-migrate-meta-layouts":"","footnotes":""},"class_list":["post-43","page","type-page","status-publish","hentry"],"_links":{"self":[{"href":"http:\/\/ww3.sapucaia.ifsul.edu.br\/literaturaacessivel\/wp-json\/wp\/v2\/pages\/43","targetHints":{"allow":["GET"]}}],"collection":[{"href":"http:\/\/ww3.sapucaia.ifsul.edu.br\/literaturaacessivel\/wp-json\/wp\/v2\/pages"}],"about":[{"href":"http:\/\/ww3.sapucaia.ifsul.edu.br\/literaturaacessivel\/wp-json\/wp\/v2\/types\/page"}],"author":[{"embeddable":true,"href":"http:\/\/ww3.sapucaia.ifsul.edu.br\/literaturaacessivel\/wp-json\/wp\/v2\/users\/4"}],"replies":[{"embeddable":true,"href":"http:\/\/ww3.sapucaia.ifsul.edu.br\/literaturaacessivel\/wp-json\/wp\/v2\/comments?post=43"}],"version-history":[{"count":29,"href":"http:\/\/ww3.sapucaia.ifsul.edu.br\/literaturaacessivel\/wp-json\/wp\/v2\/pages\/43\/revisions"}],"predecessor-version":[{"id":548,"href":"http:\/\/ww3.sapucaia.ifsul.edu.br\/literaturaacessivel\/wp-json\/wp\/v2\/pages\/43\/revisions\/548"}],"wp:attachment":[{"href":"http:\/\/ww3.sapucaia.ifsul.edu.br\/literaturaacessivel\/wp-json\/wp\/v2\/media?parent=43"}],"curies":[{"name":"wp","href":"https:\/\/api.w.org\/{rel}","templated":true}]}}