{"id":40,"date":"2020-11-26T16:36:53","date_gmt":"2020-11-26T19:36:53","guid":{"rendered":"http:\/\/ww3.sapucaia.ifsul.edu.br\/literaturaacessivel\/?page_id=40"},"modified":"2025-09-18T14:54:14","modified_gmt":"2025-09-18T17:54:14","slug":"agenda","status":"publish","type":"page","link":"http:\/\/ww3.sapucaia.ifsul.edu.br\/literaturaacessivel\/agenda\/","title":{"rendered":"Agenda"},"content":{"rendered":"\n<div class=\"wp-block-columns has-ast-global-color-5-background-color has-background is-layout-flex wp-container-core-columns-is-layout-28f84493 wp-block-columns-is-layout-flex\">\n<div class=\"wp-block-column is-layout-flow wp-block-column-is-layout-flow\">\n<h1 class=\"wp-block-heading\" style=\"font-size:30px\">Agenda<\/h1>\n<\/div>\n<\/div>\n\n\n\n<div style=\"height:10px\" aria-hidden=\"true\" class=\"wp-block-spacer\"><\/div>\n\n\n\n<div class=\"wp-block-columns has-ast-global-color-5-background-color has-background is-layout-flex wp-container-core-columns-is-layout-28f84493 wp-block-columns-is-layout-flex\">\n<div class=\"wp-block-column is-layout-flow wp-block-column-is-layout-flow\">\n<div class=\"wp-block-columns is-layout-flex wp-container-core-columns-is-layout-28f84493 wp-block-columns-is-layout-flex\">\n<div class=\"wp-block-column is-layout-flow wp-block-column-is-layout-flow\">\n<p style=\"font-size:30px\"><strong>2025<\/strong><\/p>\n\n\n\n<p class=\"has-text-color\" style=\"color:#cc175c;font-size:22px\"><strong>Agosto<\/strong><\/p>\n\n\n\n<p class=\"has-medium-font-size\" style=\"line-height:2\"><strong>26\/08\/2025<\/strong><\/p>\n\n\n\n<p>Audit\u00f3rio Pedro Kaiser &#8211; IFSUL Campus Sapucaia do Sul<\/p>\n\n\n\n<p>2\u00aa Semana da Pessoa com Defici\u00eancia de Sapucaia do Sul<\/p>\n\n\n\n<p>16h: Oficina DUA, diferencia\u00e7\u00e3o curricular e pr\u00e1ticas colaborativas.<\/p>\n\n\n\n<p>20h45: Palestra Acessibilidade Cognitiva e Leitura F\u00e1cil<\/p>\n\n\n\n<p>Programa\u00e7\u00e3o completa em: <a href=\"https:\/\/www.instagram.com\/p\/DNielAXNcYN\/?img_index=1\">https:\/\/www.instagram.com\/p\/DNielAXNcYN\/?img_index=1<\/a><\/p>\n\n\n\n<p>\ud83c\udd93 Evento gratuito<\/p>\n\n\n\n<p>\u270d\ufe0f Inscreva-se aqui: <a href=\"https:\/\/docs.google.com\/forms\/d\/1C6j4W7MVU-9BPoCP1Cq9VS6CueJKPXDFhfvaIg9v2xY\/edit\">https:\/\/docs.google.com\/forms\/d\/1C6j4W7MVU-9BPoCP1Cq9VS6CueJKPXDFhfvaIg9v2xY\/edit<\/a><\/p>\n\n\n\n<p class=\"has-medium-font-size\"><strong>28\/08\/2025<\/strong><\/p>\n\n\n\n<p>II Jornada de Inova\u00e7\u00e3o dos Sistemas de Bibliotecas da<a href=\"https:\/\/www.linkedin.com\/company\/mahshri-aurobindo-b.ed.-college-rajkot\/\"> Universidade Federal do Cear\u00e1 (UFC)<\/a>:<\/p>\n\n\n\n<p>\u27a1\ufe0f Mesa redonda \u2013 Leitura F\u00e1cil e Acessibilidade na Web<\/p>\n\n\n\n<p>\ud83d\udc69\u200d\ud83d\udcbb<\/p>\n\n\n\n<p>Palestrantes: Vanessa Pires e Lael Nervis | Media\u00e7\u00e3o: Giordana Nascimento<\/p>\n\n\n\n<p>\ud83d\uddd3\ufe0f 28\/08 | 14h \u00e0s 16h | YouTube do SiBi-UFC<\/p>\n\n\n\n<p>A transmiss\u00e3o ser\u00e1 pelo YouTube do SiBi\/UFC:<a href=\"https:\/\/lnkd.in\/dVaxJgAp\"> https:\/\/lnkd.in\/dVaxJgAp<\/a><\/p>\n\n\n\n<p>O link de inscri\u00e7\u00e3o para mesa virtual intitulada &#8220;Leitura F\u00e1cil e Acessibilidade na Web&#8221; ser\u00e1 este :<a href=\"https:\/\/lnkd.in\/dDTrSWnm\"> https:\/\/lnkd.in\/dDTrSWnm<\/a><\/p>\n\n\n\n<p class=\"has-small-font-size\" style=\"line-height:2\">Ser\u00e3o emitidos certificados de participa\u00e7\u00e3o.<\/p>\n<\/div>\n<\/div>\n<\/div>\n<\/div>\n\n\n\n<p><\/p>\n","protected":false},"excerpt":{"rendered":"<p>Agenda 2025 Agosto 26\/08\/2025 Audit\u00f3rio Pedro Kaiser &#8211; IFSUL Campus Sapucaia do Sul 2\u00aa Semana da Pessoa com Defici\u00eancia de Sapucaia do Sul 16h: Oficina DUA, diferencia\u00e7\u00e3o curricular e pr\u00e1ticas colaborativas. 20h45: Palestra Acessibilidade Cognitiva e Leitura F\u00e1cil Programa\u00e7\u00e3o completa em: https:\/\/www.instagram.com\/p\/DNielAXNcYN\/?img_index=1 \ud83c\udd93 Evento gratuito \u270d\ufe0f Inscreva-se aqui: https:\/\/docs.google.com\/forms\/d\/1C6j4W7MVU-9BPoCP1Cq9VS6CueJKPXDFhfvaIg9v2xY\/edit 28\/08\/2025 II Jornada de Inova\u00e7\u00e3o dos &hellip;<\/p>\n<p class=\"read-more\"> <a class=\"\" href=\"http:\/\/ww3.sapucaia.ifsul.edu.br\/literaturaacessivel\/agenda\/\"> <span class=\"screen-reader-text\">Agenda<\/span> Read More &raquo;<\/a><\/p>\n","protected":false},"author":4,"featured_media":0,"parent":0,"menu_order":8,"comment_status":"closed","ping_status":"closed","template":"","meta":{"site-sidebar-layout":"default","site-content-layout":"","ast-site-content-layout":"","site-content-style":"default","site-sidebar-style":"default","ast-global-header-display":"","ast-banner-title-visibility":"","ast-main-header-display":"","ast-hfb-above-header-display":"","ast-hfb-below-header-display":"","ast-hfb-mobile-header-display":"","site-post-title":"","ast-breadcrumbs-content":"","ast-featured-img":"","footer-sml-layout":"","theme-transparent-header-meta":"","adv-header-id-meta":"","stick-header-meta":"","header-above-stick-meta":"","header-main-stick-meta":"","header-below-stick-meta":"","astra-migrate-meta-layouts":"","footnotes":""},"class_list":["post-40","page","type-page","status-publish","hentry"],"_links":{"self":[{"href":"http:\/\/ww3.sapucaia.ifsul.edu.br\/literaturaacessivel\/wp-json\/wp\/v2\/pages\/40","targetHints":{"allow":["GET"]}}],"collection":[{"href":"http:\/\/ww3.sapucaia.ifsul.edu.br\/literaturaacessivel\/wp-json\/wp\/v2\/pages"}],"about":[{"href":"http:\/\/ww3.sapucaia.ifsul.edu.br\/literaturaacessivel\/wp-json\/wp\/v2\/types\/page"}],"author":[{"embeddable":true,"href":"http:\/\/ww3.sapucaia.ifsul.edu.br\/literaturaacessivel\/wp-json\/wp\/v2\/users\/4"}],"replies":[{"embeddable":true,"href":"http:\/\/ww3.sapucaia.ifsul.edu.br\/literaturaacessivel\/wp-json\/wp\/v2\/comments?post=40"}],"version-history":[{"count":44,"href":"http:\/\/ww3.sapucaia.ifsul.edu.br\/literaturaacessivel\/wp-json\/wp\/v2\/pages\/40\/revisions"}],"predecessor-version":[{"id":610,"href":"http:\/\/ww3.sapucaia.ifsul.edu.br\/literaturaacessivel\/wp-json\/wp\/v2\/pages\/40\/revisions\/610"}],"wp:attachment":[{"href":"http:\/\/ww3.sapucaia.ifsul.edu.br\/literaturaacessivel\/wp-json\/wp\/v2\/media?parent=40"}],"curies":[{"name":"wp","href":"https:\/\/api.w.org\/{rel}","templated":true}]}}