{"id":2,"date":"2020-11-24T12:51:19","date_gmt":"2020-11-24T15:51:19","guid":{"rendered":"http:\/\/ww3.sapucaia.ifsul.edu.br\/literaturaacessivel\/?page_id=2"},"modified":"2025-09-18T13:57:07","modified_gmt":"2025-09-18T16:57:07","slug":"pagina-exemplo","status":"publish","type":"page","link":"http:\/\/ww3.sapucaia.ifsul.edu.br\/literaturaacessivel\/","title":{"rendered":"Site do Projeto Literatura Acess\u00edvel"},"content":{"rendered":"\n<div class=\"wp-block-columns has-ast-global-color-5-background-color has-background is-layout-flex wp-container-core-columns-is-layout-28f84493 wp-block-columns-is-layout-flex\">\n<div class=\"wp-block-column is-layout-flow wp-block-column-is-layout-flow\">\n<h1 class=\"wp-block-heading\" style=\"font-size:30px\">Site do Projeto Literatura Acess\u00edvel<\/h1>\n<\/div>\n<\/div>\n\n\n\n<div style=\"height:17px\" aria-hidden=\"true\" class=\"wp-block-spacer\"><\/div>\n\n\n\n<div class=\"wp-block-columns has-ast-global-color-5-background-color has-background is-layout-flex wp-container-core-columns-is-layout-28f84493 wp-block-columns-is-layout-flex\">\n<div class=\"wp-block-column is-layout-flow wp-block-column-is-layout-flow\">\n<p style=\"float: left;font-size:20px;font-family:Libre Franklin, sans-serif;line-height:2.8rem;color:#333\" class=\"has-medium-font-size\">Instituto Federal Sul-rio-grandense (IFSUL), Campus Sapucaia do Sul<br>Adapta\u00e7\u00e3o e cria\u00e7\u00e3o de textos e pesquisa sobre Leitura F\u00e1cil,<br>Adapta\u00e7\u00e3o Textual e Acessibilidade Cognitiva<\/p>\n<\/div>\n<\/div>\n\n\n\n<p><\/p>\n","protected":false},"excerpt":{"rendered":"<p>Site do Projeto Literatura Acess\u00edvel Instituto Federal Sul-rio-grandense (IFSUL), Campus Sapucaia do SulAdapta\u00e7\u00e3o e cria\u00e7\u00e3o de textos e pesquisa sobre Leitura F\u00e1cil,Adapta\u00e7\u00e3o Textual e Acessibilidade Cognitiva<\/p>\n","protected":false},"author":1,"featured_media":0,"parent":0,"menu_order":0,"comment_status":"closed","ping_status":"open","template":"","meta":{"site-sidebar-layout":"default","site-content-layout":"","ast-site-content-layout":"","site-content-style":"default","site-sidebar-style":"default","ast-global-header-display":"","ast-banner-title-visibility":"","ast-main-header-display":"","ast-hfb-above-header-display":"","ast-hfb-below-header-display":"","ast-hfb-mobile-header-display":"","site-post-title":"","ast-breadcrumbs-content":"","ast-featured-img":"","footer-sml-layout":"","theme-transparent-header-meta":"","adv-header-id-meta":"","stick-header-meta":"","header-above-stick-meta":"","header-main-stick-meta":"","header-below-stick-meta":"","astra-migrate-meta-layouts":"","footnotes":""},"class_list":["post-2","page","type-page","status-publish","hentry"],"_links":{"self":[{"href":"http:\/\/ww3.sapucaia.ifsul.edu.br\/literaturaacessivel\/wp-json\/wp\/v2\/pages\/2","targetHints":{"allow":["GET"]}}],"collection":[{"href":"http:\/\/ww3.sapucaia.ifsul.edu.br\/literaturaacessivel\/wp-json\/wp\/v2\/pages"}],"about":[{"href":"http:\/\/ww3.sapucaia.ifsul.edu.br\/literaturaacessivel\/wp-json\/wp\/v2\/types\/page"}],"author":[{"embeddable":true,"href":"http:\/\/ww3.sapucaia.ifsul.edu.br\/literaturaacessivel\/wp-json\/wp\/v2\/users\/1"}],"replies":[{"embeddable":true,"href":"http:\/\/ww3.sapucaia.ifsul.edu.br\/literaturaacessivel\/wp-json\/wp\/v2\/comments?post=2"}],"version-history":[{"count":15,"href":"http:\/\/ww3.sapucaia.ifsul.edu.br\/literaturaacessivel\/wp-json\/wp\/v2\/pages\/2\/revisions"}],"predecessor-version":[{"id":619,"href":"http:\/\/ww3.sapucaia.ifsul.edu.br\/literaturaacessivel\/wp-json\/wp\/v2\/pages\/2\/revisions\/619"}],"wp:attachment":[{"href":"http:\/\/ww3.sapucaia.ifsul.edu.br\/literaturaacessivel\/wp-json\/wp\/v2\/media?parent=2"}],"curies":[{"name":"wp","href":"https:\/\/api.w.org\/{rel}","templated":true}]}}